{"id":305,"date":"2026-02-28T17:09:54","date_gmt":"2026-02-28T20:09:54","guid":{"rendered":"https:\/\/ziev.com.br\/gpjota\/?page_id=305"},"modified":"2026-02-28T17:11:25","modified_gmt":"2026-02-28T20:11:25","slug":"doe","status":"publish","type":"page","link":"https:\/\/ziev.com.br\/gpjota\/doe\/","title":{"rendered":"Doe"},"content":{"rendered":"\t\t<div data-elementor-type=\"wp-page\" data-elementor-id=\"305\" class=\"elementor elementor-305\" data-elementor-post-type=\"page\">\n\t\t\t\t<div class=\"elementor-element elementor-element-4a1c6b8 e-flex e-con-boxed e-con e-parent\" data-id=\"4a1c6b8\" data-element_type=\"container\" data-e-type=\"container\">\n\t\t\t\t\t<div class=\"e-con-inner\">\n\t\t\t\t<div class=\"elementor-element elementor-element-8e6766b elementor-widget elementor-widget-heading\" data-id=\"8e6766b\" data-element_type=\"widget\" data-e-type=\"widget\" data-widget_type=\"heading.default\">\n\t\t\t\t\t<h2 class=\"elementor-heading-title elementor-size-default\">DOE<\/h2>\t\t\t\t<\/div>\n\t\t\t\t<div class=\"elementor-element elementor-element-8a94862 elementor-widget elementor-widget-text-editor\" data-id=\"8a94862\" data-element_type=\"widget\" data-e-type=\"widget\" data-widget_type=\"text-editor.default\">\n\t\t\t\t\t\t\t\t\t<p data-start=\"925\" data-end=\"978\">Se algo aqui fez sentido pra voc\u00ea, j\u00e1 \u00e9 suficiente.<\/p><p data-start=\"985\" data-end=\"1058\">Mas, se quiser apoiar o projeto, deixei um QR Code para doa\u00e7\u00e3o via Pix.<br \/><br \/><img fetchpriority=\"high\" decoding=\"async\" class=\"alignnone size-full wp-image-311\" src=\"https:\/\/ziev.com.br\/gpjota\/wp-content\/uploads\/2026\/02\/qrcode.png\" alt=\"\" width=\"275\" height=\"275\" srcset=\"https:\/\/ziev.com.br\/gpjota\/wp-content\/uploads\/2026\/02\/qrcode.png 275w, https:\/\/ziev.com.br\/gpjota\/wp-content\/uploads\/2026\/02\/qrcode-150x150.png 150w\" sizes=\"(max-width: 275px) 100vw, 275px\" \/><\/p><p>Para realizar o pagamento para Geraldo, acesse o link abaixo:<\/p><p><a href=\"https:\/\/cobranca.c6pix.com.br\/01KJJXTVDXXG43K8MXQ85GGYHB\" target=\"_blank\" rel=\"noopener\">https:\/\/cobranca.c6pix.com.br\/01KJJXTVDXXG43K8MXQ85GGYHB<\/a><\/p>\t\t\t\t\t\t\t\t<\/div>\n\t\t\t\t\t<\/div>\n\t\t\t\t<\/div>\n\t\t\t\t<\/div>\n\t\t","protected":false},"excerpt":{"rendered":"<p>DOE Se algo aqui fez sentido pra voc\u00ea, j\u00e1 \u00e9 suficiente. Mas, se quiser apoiar o projeto, deixei um QR Code para doa\u00e7\u00e3o via Pix. Para realizar o pagamento para Geraldo, acesse o link abaixo: https:\/\/cobranca.c6pix.com.br\/01KJJXTVDXXG43K8MXQ85GGYHB<\/p>\n","protected":false},"author":2,"featured_media":0,"parent":0,"menu_order":0,"comment_status":"closed","ping_status":"closed","template":"","meta":{"footnotes":""},"class_list":["post-305","page","type-page","status-publish","hentry"],"aioseo_notices":[],"_links":{"self":[{"href":"https:\/\/ziev.com.br\/gpjota\/wp-json\/wp\/v2\/pages\/305","targetHints":{"allow":["GET"]}}],"collection":[{"href":"https:\/\/ziev.com.br\/gpjota\/wp-json\/wp\/v2\/pages"}],"about":[{"href":"https:\/\/ziev.com.br\/gpjota\/wp-json\/wp\/v2\/types\/page"}],"author":[{"embeddable":true,"href":"https:\/\/ziev.com.br\/gpjota\/wp-json\/wp\/v2\/users\/2"}],"replies":[{"embeddable":true,"href":"https:\/\/ziev.com.br\/gpjota\/wp-json\/wp\/v2\/comments?post=305"}],"version-history":[{"count":7,"href":"https:\/\/ziev.com.br\/gpjota\/wp-json\/wp\/v2\/pages\/305\/revisions"}],"predecessor-version":[{"id":314,"href":"https:\/\/ziev.com.br\/gpjota\/wp-json\/wp\/v2\/pages\/305\/revisions\/314"}],"wp:attachment":[{"href":"https:\/\/ziev.com.br\/gpjota\/wp-json\/wp\/v2\/media?parent=305"}],"curies":[{"name":"wp","href":"https:\/\/api.w.org\/{rel}","templated":true}]}}